{"id":1198,"date":"2024-07-08T12:24:05","date_gmt":"2024-07-08T10:24:05","guid":{"rendered":"https:\/\/klausbaum.be\/?page_id=1198"},"modified":"2024-07-08T14:40:34","modified_gmt":"2024-07-08T12:40:34","slug":"hinweisgebersystem","status":"publish","type":"page","link":"https:\/\/klausbaum.be\/de\/hinweisgebersystem\/","title":{"rendered":"Hinweisgebersystem"},"content":{"rendered":"<p><strong>Hinweisgebersystem \/ Whistleblowing System<\/strong><\/p>\n<p>KLAUS BAUM TRANSPORTE AG strebt eine Unternehmenskultur an, die auf Transparenz, Ehrlichkeit und dem Wohlergehen seiner Besch\u00e4ftigten basiert. KLAUS BAUM TRANSPORTE AG ermutigt ausdr\u00fccklich alle Personen, die Kenntnis von einem schwerwiegenden oder offensichtlichen Versto\u00df gegen gesetzliche, ethische oder gesellschaftliche Vorgabenoder von einer ernsthaften Bedrohung oder Sch\u00e4digung des \u00f6ffentlichen Interesses haben, dies in gutem Glauben und ohne Angst vor Vergeltungsma\u00dfnahmen zu melden.<\/p>\n<p>Zur Abgabe von Hinweisen zu (potenziellen) Verst\u00f6\u00dfen haben wir ein Hinweisgebersystem implementiert. Alle Verst\u00f6\u00dfe oder Bedenken k\u00f6nnen anonym oder nicht anonym \u00fcber die von KLAUS BAUM TRANSPORTE AG eingerichtete spezielle Meldeplattform gemeldet werden. \u00a0Diese Plattform ist \u00fcber den folgenden Link oder durch Scannen des QR Codes erreichbar:<\/p>\n<p><a href=\"https:\/\/whistleblowersoftware.com\/secure\/KlausBaumTransporte\">ZUM HINWEISGEBERSYSTEM<\/a><\/p>\n<p><img loading=\"lazy\" decoding=\"async\" width=\"154\" height=\"154\" class=\"alignnone size-full wp-image-1201\" src=\"https:\/\/klausbaum.be\/wp-content\/uploads\/2024\/07\/klausbaum-qr-hinweisgebersystem.png\" alt=\"\" srcset=\"https:\/\/klausbaum.be\/wp-content\/uploads\/2024\/07\/klausbaum-qr-hinweisgebersystem.png 154w, https:\/\/klausbaum.be\/wp-content\/uploads\/2024\/07\/klausbaum-qr-hinweisgebersystem-150x150.png 150w, https:\/\/klausbaum.be\/wp-content\/uploads\/2024\/07\/klausbaum-qr-hinweisgebersystem-120x120.png 120w\" sizes=\"auto, (max-width: 154px) 100vw, 154px\" \/><\/p>\n<p>Dort finden Sie ebenfalls ausf\u00fchrliche Informationen zum Hinweisgebersystem, Erkl\u00e4rungen bzgl. der Einreichung einer Meldung sowie der Weiterverfolgung einer bestehnden Meldung, unsere Richtlinie zum Hinweisgeberschutz, unsere Datenschutzerkl\u00e4rung bzgl. die Verwendung Ihrer personenbezogenen Daten im Whistleblowing-System. Die Informationen sind in deutscher, franz\u00f6sischer, luxemburgischer , englischer und niederl\u00e4ndischer Sprache abrufbar.<\/p>\n","protected":false},"excerpt":{"rendered":"Hinweisgebersystem \/ Whistleblowing System KLAUS BAUM TRANSPORTE AG strebt eine Unternehmenskultur an, die auf Transparenz, Ehrlichkeit und dem Wohlergehen seiner Besch\u00e4ftigten basiert. KLAUS BAUM TRANSPORTE AG ermutigt ausdr\u00fccklich alle Personen, die Kenntnis von einem schwerwiegenden oder offensichtlichen Versto\u00df gegen gesetzliche, ethische oder gesellschaftliche Vorgabenoder von einer ernsthaften Bedrohung oder Sch\u00e4digung des \u00f6ffentlichen Interesses haben, dies&#8230; <a class=\"view-article\" href=\"https:\/\/klausbaum.be\/de\/hinweisgebersystem\/\">Artikel ansehen<\/a>","protected":false},"author":1,"featured_media":0,"parent":0,"menu_order":99,"comment_status":"closed","ping_status":"closed","template":"artikel.php","meta":{"_acf_changed":false,"footnotes":""},"class_list":["post-1198","page","type-page","status-publish","hentry"],"acf":[],"_links":{"self":[{"href":"https:\/\/klausbaum.be\/de\/wp-json\/wp\/v2\/pages\/1198","targetHints":{"allow":["GET"]}}],"collection":[{"href":"https:\/\/klausbaum.be\/de\/wp-json\/wp\/v2\/pages"}],"about":[{"href":"https:\/\/klausbaum.be\/de\/wp-json\/wp\/v2\/types\/page"}],"author":[{"embeddable":true,"href":"https:\/\/klausbaum.be\/de\/wp-json\/wp\/v2\/users\/1"}],"replies":[{"embeddable":true,"href":"https:\/\/klausbaum.be\/de\/wp-json\/wp\/v2\/comments?post=1198"}],"version-history":[{"count":3,"href":"https:\/\/klausbaum.be\/de\/wp-json\/wp\/v2\/pages\/1198\/revisions"}],"predecessor-version":[{"id":1204,"href":"https:\/\/klausbaum.be\/de\/wp-json\/wp\/v2\/pages\/1198\/revisions\/1204"}],"wp:attachment":[{"href":"https:\/\/klausbaum.be\/de\/wp-json\/wp\/v2\/media?parent=1198"}],"curies":[{"name":"wp","href":"https:\/\/api.w.org\/{rel}","templated":true}]}}