{"id":165,"date":"2018-09-27T18:02:13","date_gmt":"2018-09-27T16:02:13","guid":{"rendered":"http:\/\/klausbaum.cloth.be\/?page_id=165"},"modified":"2024-07-09T08:26:29","modified_gmt":"2024-07-09T06:26:29","slug":"impressum","status":"publish","type":"page","link":"https:\/\/klausbaum.be\/de\/impressum\/","title":{"rendered":"Impressum &#038; Rechtliches"},"content":{"rendered":"<h2>Rechtliche Hinweise<\/h2>\n<h3>Verantwortlicher Herausgeber<\/h3>\n<p><strong>Luxemburg<\/strong><\/p>\n<p>KLAUS BAUM TRANSPORTE AG<br \/>\nVertreten durch Herrn Andy Baum &amp; Daniel De Cae<br \/>\nMwSt. Nr: LU 18468308<br \/>\nWeilwerdangerstrooss 14<br \/>\n9990 Weiswampach<br \/>\nLuxemburg<\/p>\n<p>Tel: +352\/727809550<br \/>\nE-Mail: <a href=\"mailto:info@klausbaum.lu\">info@klausbaum.lu<\/a><\/p>\n<p><strong>Belgien<\/strong><\/p>\n<p>KLAUS BAUM LOGISTIK GmbH<br \/>\nMwSt. Nr: BE0436 984 208<br \/>\nGemehret 31<br \/>\nB-4701 Kettenis-Eupen<br \/>\nBelgian<br \/>\nTel.: +32 87 56 02 10<br \/>\nE-Mail: <a href=\"mailto:info@klausbaum.be\">info@klausbaum.be<\/a><\/p>\n<h3>Verantwortlicher f\u00fcr die Datenverarbeitung \/ Data controller<\/h3>\n<p>KLAUS BAUM TRANSPORTE<br \/>\nWeilwerdangerstrooss 14<br \/>\nL-9990 Weiswampach<br \/>\nLuxemburg<\/p>\n<p>Tel: +352\/727809550<br \/>\nE-Mail: <a href=\"mailto:info@klausbaum.lu\">info@klausbaum.lu<\/a><\/p>\n<h3>Website Design :<\/h3>\n<p>Cloth Kreativbureau<br \/>\nT. +32 (0)87 333 554<br \/>\nE-Mail: <a href=\"mailto:info@cloth.be\">info@cloth.be<\/a><br \/>\nSchnellewindgasse 8<br \/>\n4700 Eupen, Belgien<br \/>\nWeb: <a href=\"https:\/\/cloth.be\">cloth.be<\/a><\/p>\n<h3>Nutzungsbedingungen<\/h3>\n<p>Artikel 1: Gegenstand<\/p>\n<p>Der Zweck dieser Nutzungsbedingungen besteht darin, einen rechtlichen Rahmen f\u00fcr die Nutzung der Webseite durch den Benutzer zu schaffen. Der Benutzer best\u00e4tigt, vor der Nutzung der Webseite diese Nutzungsbedingungen gelesen und akzeptiert zu haben. Die Webseite wird von KLAUS BAUM TRANSPORTE AG (hiernach \u201eKLAUS BAUM\u201c) bereitgestellt, um den Benutzer \u00fcber die verschiedenen Dienstleistungen und Aktivit\u00e4ten des KLAUS BAUM-Netzwerks zu informieren.<\/p>\n<p><strong>Artikel 2: Begriffsbestimmungen<\/strong><\/p>\n<p>In diesen Nutzungsbedingungen gelten die folgenden Definitionen:<\/p>\n<ul>\n<li>Webseite: alle Webseiten mit einer URL, die mit www.klausbaum.xx oder &#8222;www.baumklaus.xx&#8220;beginnt<\/li>\n<li>Social Media Accounts: <a href=\"https:\/\/www.facebook.com\/klausbaumtransport\/\">https:\/\/www.facebook.com\/klausbaumtransport\/<\/a> ; <a href=\"https:\/\/www.linkedin.com\/company\/klaus-baum-transporte\/\">https:\/\/www.linkedin.com\/company\/klaus-baum-transporte\/<\/a>; <a href=\"https:\/\/www.instagram.com\/klausbaumtransporte\/\">https:\/\/www.instagram.com\/klausbaumtransporte\/<\/a><\/li>\n<li>KLAUS BAUM oder KLAUS BAUM-Netzwerk: umfasst die Unternehmen KLAUS BAUM TRANSPORTE AG Luxemburg sowie KLAUS BAUM Logistik GmbH Belgien<\/li>\n<li>Benutzer: Jede nat\u00fcrliche Person, die die Webseite oder eine der durch die Webseite angebotenen Dienstleistungen nutzt<\/li>\n<li>Inhalt: Marken, Logos, Zeichen, Texte, Bilder, Fotos, Illustrationen, Audiodateien, Animationsdateien, Videodateien und alle anderen Inhalte und deren Anordnung<\/li>\n<\/ul>\n<p><strong>Artikel 3: Zugang zu den auf der Webseite angebotenen Dienstleistungen<\/strong><\/p>\n<p>Die Webseite bietet freien Zugang zu folgenden Dienstleistungen:<\/p>\n<ul>\n<li>Informationsartikel<\/li>\n<li>Kontaktaufnahme<\/li>\n<li>Zugang zu KLAUS BAUM Stellenangeboten<\/li>\n<li>Ver\u00f6ffentlichung von KLAUS BAUM Artikeln und Informationen in sozialen Netzwerken<\/li>\n<li>Zugang zum KLAUS BAUM Newsletter und verschiedenen Informationen \u00fcber das KLAUS BAUM-Netzwerk<\/li>\n<li>M\u00f6glichkeit der direkten Kontaktaufnahme mit einem Mitglied des KLAUS BAUM-Netzwerks<\/li>\n<\/ul>\n<p><strong>Artikel 4: Verf\u00fcgbarkeit der Webseite<\/strong><\/p>\n<p>KLAUS BAUM bem\u00fcht sich, die Webseite 24 Stunden am Tag verf\u00fcgbar zu halten. Es kann jedoch vorkommen, dass die Webseite aufgrund von Wartungsarbeiten, Aktualisierungen oder technischen Schwierigkeiten vor\u00fcbergehend nicht verf\u00fcgbar ist. KLAUS BAUM \u00fcbernimmt keine Verantwortung f\u00fcr eine solche Nichtverf\u00fcgbarkeit der Webseite.<\/p>\n<p><strong>Artikel 5: Verlinkungen zu Dritten<\/strong><\/p>\n<p>Die Webseite kann Links zu Webseiten Dritter enthalten. Diese Links werden nur aus Gr\u00fcnden der Benutzerfreundlichkeit bereitgestellt. KLAUS BAUM hat keine Kontrolle \u00fcber die Inhalte solcher Webseiten und \u00fcbernimmt keine Verantwortung oder Haftung f\u00fcr deren Inhalte oder die Einhaltung der Datenschutzgesetzgebung. KLAUS BAUM lehnt jede Haftung f\u00fcr direkte oder indirekte Sch\u00e4den ab, die durch den Zugriff auf verlinkte Webseiten Dritter entstehen k\u00f6nnen.<\/p>\n<p>KLAUS BAUM \u00fcbernimmt keine Haftung f\u00fcr sch\u00e4dliche Inhalte oder Sicherheitsm\u00e4ngel auf den Webseiten Dritter, auf die von der Webseite aus verlinkt wird. Benutzer sind daf\u00fcr verantwortlich, die notwendigen Vorsichtsma\u00dfnahmen zu treffen, um sich vor sch\u00e4dlichen Inhalten und Sicherheitsrisiken zu sch\u00fctzen, die mit der Nutzung solcher Webseiten verbunden sind.<\/p>\n<p>KLAUS BAUM \u00fcbernimmt keine Haftung f\u00fcr die Verletzung von geistigen Eigentumsrechten oder anderen Rechten Dritter durch Inhalte, die auf Webseiten Dritter verf\u00fcgbar sind, auf die von der Webseite aus verlinkt wird. Benutzer sollten sicherstellen, dass sie die Rechte an allen Inhalten haben, die sie verwenden oder herunterladen, und die geltenden Gesetze und Vorschriften beachten.<\/p>\n<p><strong>Artikel 6: Verpflichtungen des Benutzers<\/strong><\/p>\n<p>Der Zugang zu den von der Webseite angebotenen Dienstleistungen erfolgt \u00fcber das Internet. KLAUS BAUM gew\u00e4hrleistet die beste Sicherheit des eigenen Computersystems. Der Benutzer erkl\u00e4rt, die Risiken, die mit der Benutzung des Internets einhergehen, zu kennen und zu akzeptieren. Er muss sich angemessen gegen die Auswirkungen von Computerpiraterie sch\u00fctzen, indem er eine sichere Konfiguration seines Computers und Browsers vornimmt. KLAUS BAUM kann nicht f\u00fcr Sch\u00e4den haftbar gemacht werden, die dem Benutzer direkt oder indirekt im Zusammenhang mit der Nutzung der KLAUS BAUM Webseite entstehen k\u00f6nnten.<\/p>\n<p><strong>Artikel 7: Einhaltung der Gesetze<\/strong><\/p>\n<p>Benutzer verpflichten sich, bei der Nutzung der Webseite alle geltenden lokalen, nationalen und internationalen Gesetze und Vorschriften einzuhalten. Jegliche Nutzung der Webseite, die gegen diese Gesetze verst\u00f6\u00dft, ist untersagt.<\/p>\n<p><strong>Artikel 8: Benutzerkonten und Sicherheit<\/strong><\/p>\n<p>F\u00fcr bestimmte Funktionen der Webseite kann es erforderlich sein, dass Benutzer ein Konto erstellen und sich registrieren. Benutzer sind daf\u00fcr verantwortlich, die Vertraulichkeit ihrer Kontoinformationen zu wahren und den Zugang zu ihrem Konto zu beschr\u00e4nken. Benutzer stimmen zu, die Verantwortung f\u00fcr alle Aktivit\u00e4ten zu \u00fcbernehmen, die unter ihrem Konto stattfinden.<\/p>\n<p>Artikel 9: Werbung und Sponsoring<\/p>\n<p>Die Webseite kann Werbung und Sponsoring-Inhalte enthalten. Werbetreibende und Sponsoren sind daf\u00fcr verantwortlich sicherzustellen, dass das auf der Webseite eingereichte Material mit allen geltenden Gesetzen und Vorschriften \u00fcbereinstimmt. KLAUS BAUM \u00fcbernimmt keine Haftung f\u00fcr Fehler, Ungenauigkeiten oder Probleme im Zusammenhang mit den Inhalten von Werbe- und Sponsoringmaterialien.<\/p>\n<p><strong>Artikel 10: Geistiges Eigentum<\/strong><\/p>\n<p>Sofern nicht anders angegeben, wird der Inhalt der Webseite von KLAUS BAUM bereitgestellt. Die Webseite und ihr Inhalt sind urheberrechtlich, markenrechtlich und durch andere Rechte des geistigen Eigentums gesch\u00fctzt. Jegliche Vervielf\u00e4ltigung, Verbreitung oder sonstige Nutzung, insbesondere die Verwendung von Texten, Textteilen, Bildmaterial oder Design, bedarf der vorherigen schriftlichen Zustimmung von KLAUS BAUM.<\/p>\n<p>Benutzern wird nur eine begrenzte, widerrufbare, nicht-exklusive Lizenz zur pers\u00f6nlichen Nutzung der Webseite und ihrer Inhalte gew\u00e4hrt. Diese Lizenz erstreckt sich nicht auf:<br \/>\n&#8211; Die Vervielf\u00e4ltigung, Verbreitung, Ver\u00e4nderung oder \u00f6ffentliche Wiedergabe von Inhalten der Webseite ohne vorherige schriftliche Genehmigung von KLAUS BAUM.<br \/>\n&#8211; Die Nutzung der Webseite oder ihrer Inhalte f\u00fcr kommerzielle Zwecke.<br \/>\n&#8211; Jegliche Form des Data Scrapping oder Data Mining. KLAUS BAUM verweigert ausdr\u00fccklich die Nutzung der Inhalte der Webseite f\u00fcr Text- und Data-Mining von (generativen) KI Systemen.<\/p>\n<p><strong>Artikel 11 : Haftungsausschluss bzgl. Inhalte<\/strong><\/p>\n<p>Die KLAUS BAUM ist bestrebt, auf ihrer Webseite stets richtige, aktuelle und vollst\u00e4ndige Informationen bereitzustellen und \u00e4ndert oder erg\u00e4nzt diese bei Bedarf laufend und ohne vorherige Ank\u00fcndigung. Dennoch \u00fcbernimmt die KLAUS BAUM keine Haftung f\u00fcr Korrektheit, Aktualit\u00e4t und Vollst\u00e4ndigkeit der auf dieser Webseite bereitgestellten Informationen.<\/p>\n<p>Die auf der Webseite ver\u00f6ffentlichten Informationen haben keinen Anspruch auf Vollst\u00e4ndigkeit und begr\u00fcnden keine Verpflichtung seitens KLAUS BAUM. Die Informationen sind rein informativer Natur und k\u00f6nnen nicht als pers\u00f6nliche oder fachliche Beratung f\u00fcr den Benutzer betrachtet werden. KLAUS BAUM lehnt jegliche Haftung f\u00fcr Sch\u00e4den ab, die direkt oder indirekt aus der Nutzung der Webseite entstehen k\u00f6nnen.<\/p>\n<p><strong>Artikel 12: Haftungsausschluss bzgl. Benutzerinhalte<\/strong><\/p>\n<p>Unter gewissen Umst\u00e4nden k\u00f6nnen Benutzer Inhalte wie Kommentare oder Beitr\u00e4ge auf der Webseite ver\u00f6ffentlichen, m\u00fcssen jedoch sicherstellen, dass diese Inhalte nicht gegen geltende Gesetze oder Rechte Dritter versto\u00dfen. Insbesondere d\u00fcrfen die Inhalte nicht obsz\u00f6n, rechtswidrig, diskriminierend oder anderweitig rechtsverletzend sein.<\/p>\n<p>KLAUS BAUM \u00fcbernimmt keine Verantwortung oder Haftung f\u00fcr Inhalte, die von Benutzern auf der Webseite ver\u00f6ffentlicht werden. Benutzer sind allein verantwortlich f\u00fcr die von ihnen ver\u00f6ffentlichten Inhalte und m\u00fcssen sicherstellen, dass diese nicht gegen geltende Gesetze oder Rechte Dritter versto\u00dfen. KLAUS BAUM beh\u00e4lt sich das Recht vor, Benutzerinhalte nach eigenem Ermessen zu entfernen, die gegen diese Nutzungsbedingungen versto\u00dfen oder unangemessen sind.<\/p>\n<p>KLAUS BAUM beh\u00e4lt sich das Recht vor, bei Verst\u00f6\u00dfen gegen diese Nutzungsbedingungen geeignete Ma\u00dfnahmen zu ergreifen. Dazu geh\u00f6ren das Entfernen oder Sperren von rechtswidrigen, obsz\u00f6nen, diskriminierenden oder anderweitig unangemessenen Inhalten sowie die Sperrung oder Beendigung des Benutzerzugangs zur Webseite. In schweren F\u00e4llen beh\u00e4lt sich KLAUS BAUM das Recht vor, rechtliche Schritte einzuleiten.<\/p>\n<p><strong>Artikel 13: Datenschutz<\/strong><\/p>\n<p>KLAUS BAUM verpflichtet sich, die Privatsph\u00e4re der Benutzer zu sch\u00fctzen. Alle pers\u00f6nlichen Daten, die \u00fcber die Webseite gesammelt werden, werden gem\u00e4\u00df den geltenden Datenschutzgesetzen behandelt. Weitere Informationen hierzu finden Sie in unserer <a href=\"https:\/\/klausbaum.be\/de\/datenschutz\/\">Datenschutzerkl\u00e4rung<\/a>.<\/p>\n<p><strong>Artikel 14: K\u00fcndigung<\/strong><\/p>\n<p>KLAUS BAUM beh\u00e4lt sich das Recht vor, den Zugang eines Benutzers zur Webseite und zu den Dienstleistungen jederzeit und ohne vorherige Ank\u00fcndigung zu sperren oder zu beenden, insbesondere wenn der Benutzer gegen diese Nutzungsbedingungen verst\u00f6\u00dft.<\/p>\n<p><strong>Artikel 15: Anwendbares Recht und zust\u00e4ndige Gerichte<\/strong><\/p>\n<p>Diese Nutzungsbedingungen unterliegen luxemburgischem Recht. In Ermangelung einer g\u00fctlichen Einigung zwischen dem Benutzer und KLAUS BAUM sind ausschlie\u00dflich die Gerichte am Gesellschaftssitz von KLAUS BAUM zust\u00e4ndig. Der Gesellschaftssitz befindet sich: Weilwerdangerstrooss 14, L-9990 Weiswampach, Luxemburg.<\/p>\n<p><strong>Artikel 16: \u00c4nderung der Nutzungsbedingungen<\/strong><\/p>\n<p>KLAUS BAUM kann diese Nutzungsbedingungen \u00e4ndern, insbesondere aufgrund von Gesetzes\u00e4nderungen oder der Erbringung neuer Dienstleistungen. KLAUS BAUM wird das \u00c4nderungsdatum oben auf der Seite anpassen, um den Benutzer \u00fcber alle \u00c4nderungen dieser Nutzungsbedingungen auf dem Laufenden zu halten. Es wird empfohlen, diese Nutzungsbedingungen regelm\u00e4\u00dfig zu \u00fcberpr\u00fcfen. Wesentliche \u00c4nderungen werden im Bereich &#8222;News&#8220; der Webseite aufgenommen.<\/p>\n<p><strong>Artikel 17: Online-Streitbeilegung<\/strong><\/p>\n<p>Die Europ\u00e4ische Kommission stellt eine Plattform zur Online-Streitbeilegung (OS) bereit, die Sie unter <a href=\"https:\/\/ec.europa.eu\/consumers\/\">https:\/\/ec.europa.eu\/consumers\/<\/a>odr. KLAUS BAUM ist jedoch nicht verpflichtet, an au\u00dfergerichtlichen Schlichtungsverfahren teilzunehmen<\/p>\n<p><strong>Artikel 18: Salvatorische Klausel<\/strong><\/p>\n<p>Sollte eine Bestimmung dieser Nutzungsbedingungen ung\u00fcltig oder nicht durchsetzbar sein, bleibt die G\u00fcltigkeit der \u00fcbrigen Bestimmungen unber\u00fchrt. Die ung\u00fcltige oder nicht durchsetzbare Bestimmung wird durch eine g\u00fcltige und durchsetzbare Bestimmung ersetzt, die der Intention der urspr\u00fcnglichen Bestimmung am n\u00e4chsten kommt.<\/p>\n<p><strong>Artikel 19: Kontaktinformationen<\/strong><\/p>\n<p>F\u00fcr Fragen oder Anmerkungen zu diesen Nutzungsbedingungen oder zur Webseite k\u00f6nnen Benutzer KLAUS BAUM unter der folgenden Adresse kontaktieren:<br \/>\nE-Mail: <a href=\"mailto:info@klausbaum.lu\">info@klausbaum.lu<\/a><br \/>\nTelefon: +352\/727809550<\/p>\n<p>&#8212;<br \/>\nKLAUS BAUM TRANSPORTE AG<br \/>\nStand: 03.07.2024<\/p>\n","protected":false},"excerpt":{"rendered":"Rechtliche Hinweise Verantwortlicher Herausgeber Luxemburg KLAUS BAUM TRANSPORTE AG Vertreten durch Herrn Andy Baum &amp; Daniel De Cae MwSt. Nr: LU 18468308 Weilwerdangerstrooss 14 9990 Weiswampach Luxemburg Tel: +352\/727809550 E-Mail: info@klausbaum.lu Belgien KLAUS BAUM LOGISTIK GmbH MwSt. Nr: BE0436 984 208 Gemehret 31 B-4701 Kettenis-Eupen Belgian Tel.: +32 87 56 02 10 E-Mail: info@klausbaum.be Verantwortlicher&#8230; <a class=\"view-article\" href=\"https:\/\/klausbaum.be\/de\/impressum\/\">Artikel ansehen<\/a>","protected":false},"author":2,"featured_media":0,"parent":0,"menu_order":99,"comment_status":"closed","ping_status":"closed","template":"artikel.php","meta":{"_acf_changed":false,"footnotes":""},"class_list":["post-165","page","type-page","status-publish","hentry"],"acf":[],"_links":{"self":[{"href":"https:\/\/klausbaum.be\/de\/wp-json\/wp\/v2\/pages\/165","targetHints":{"allow":["GET"]}}],"collection":[{"href":"https:\/\/klausbaum.be\/de\/wp-json\/wp\/v2\/pages"}],"about":[{"href":"https:\/\/klausbaum.be\/de\/wp-json\/wp\/v2\/types\/page"}],"author":[{"embeddable":true,"href":"https:\/\/klausbaum.be\/de\/wp-json\/wp\/v2\/users\/2"}],"replies":[{"embeddable":true,"href":"https:\/\/klausbaum.be\/de\/wp-json\/wp\/v2\/comments?post=165"}],"version-history":[{"count":29,"href":"https:\/\/klausbaum.be\/de\/wp-json\/wp\/v2\/pages\/165\/revisions"}],"predecessor-version":[{"id":1223,"href":"https:\/\/klausbaum.be\/de\/wp-json\/wp\/v2\/pages\/165\/revisions\/1223"}],"wp:attachment":[{"href":"https:\/\/klausbaum.be\/de\/wp-json\/wp\/v2\/media?parent=165"}],"curies":[{"name":"wp","href":"https:\/\/api.w.org\/{rel}","templated":true}]}}